{"id":2442,"date":"2020-08-10T01:44:48","date_gmt":"2020-08-10T01:44:48","guid":{"rendered":"https:\/\/obispadosanfelipe.cl\/2020\/?page_id=2442"},"modified":"2021-08-18T14:29:53","modified_gmt":"2021-08-18T14:29:53","slug":"la-asuncion-1929-los-andes","status":"publish","type":"page","link":"https:\/\/obispadosanfelipe.cl\/2020\/la-asuncion-1929-los-andes\/","title":{"rendered":"La Asunci\u00f3n (1929) &#8211; Los Andes"},"content":{"rendered":"\t\t<div data-elementor-type=\"wp-page\" data-elementor-id=\"2442\" class=\"elementor elementor-2442\" data-elementor-settings=\"[]\">\n\t\t\t\t\t\t<div class=\"elementor-inner\">\n\t\t\t\t\t\t\t<div class=\"elementor-section-wrap\">\n\t\t\t\t\t\t\t<section class=\"elementor-section elementor-top-section elementor-element elementor-element-6cdd5dbf elementor-section-boxed elementor-section-height-default elementor-section-height-default\" data-id=\"6cdd5dbf\" data-element_type=\"section\">\n\t\t\t\t\t\t<div class=\"elementor-container elementor-column-gap-default\">\n\t\t\t\t\t\t\t<div class=\"elementor-row\">\n\t\t\t\t\t<div class=\"elementor-column elementor-col-100 elementor-top-column elementor-element elementor-element-268b4b61\" data-id=\"268b4b61\" data-element_type=\"column\">\n\t\t\t<div class=\"elementor-column-wrap elementor-element-populated\">\n\t\t\t\t\t\t\t<div class=\"elementor-widget-wrap\">\n\t\t\t\t\t\t<div class=\"elementor-element elementor-element-63d87e00 elementor-widget elementor-widget-text-editor\" data-id=\"63d87e00\" data-element_type=\"widget\" data-widget_type=\"text-editor.default\">\n\t\t\t\t<div class=\"elementor-widget-container\">\n\t\t\t\t\t\t\t\t<div class=\"elementor-text-editor elementor-clearfix\">\n\t\t\t\t\t<table border=\"0\" width=\"506\" cellspacing=\"0\" cellpadding=\"2\">\n<tbody>\n<tr>\n<td class=\"txt\" width=\"161\"><img loading=\"lazy\" src=\"https:\/\/www.obispadosanfelipe.cl\/imagenes\/blue.png\" alt=\"\" width=\"6\" height=\"7\">&nbsp;P\u00e1rroco:<\/td>\n<td width=\"6\">&nbsp;<\/td>\n<td class=\"txt\" width=\"327\">Pbro. Omar Orellana Manr\u00edquez<\/td>\n<\/tr>\n<tr>\n<td class=\"txt\"><img loading=\"lazy\" src=\"https:\/\/www.obispadosanfelipe.cl\/imagenes\/blue.png\" alt=\"\" width=\"6\" height=\"7\">&nbsp;Di\u00e1cono Permanente:<\/td>\n<td>&nbsp;<\/td>\n<td class=\"txt\">Diac. Enrique Alfonso \u00c1lvarez Gonz\u00e1lez<\/td>\n<\/tr>\n<tr>\n<td><span class=\"txt\"><img loading=\"lazy\" src=\"https:\/\/www.obispadosanfelipe.cl\/imagenes\/blue.png\" alt=\"\" width=\"6\" height=\"7\">&nbsp;Direcci\u00f3n<\/span>:<\/td>\n<td>&nbsp;<\/td>\n<td class=\"txt\">Maip\u00fa N\u00ba 34, Casilla N\u00ba 119. Los Andes.<\/td>\n<\/tr>\n<tr>\n<td><span class=\"txt\"><img loading=\"lazy\" src=\"https:\/\/www.obispadosanfelipe.cl\/imagenes\/blue.png\" alt=\"\" width=\"6\" height=\"7\">&nbsp;Fono\/Fax<\/span>:<\/td>\n<td>&nbsp;<\/td>\n<td class=\"txt\">(34) 2298039.<\/td>\n<\/tr>\n<tr>\n<td class=\"txt\"><img loading=\"lazy\" src=\"https:\/\/www.obispadosanfelipe.cl\/imagenes\/blue.png\" alt=\"\" width=\"6\" height=\"7\">&nbsp;Secretaria:<\/td>\n<td>&nbsp;<\/td>\n<td class=\"txt\">Roxanna Espinoza Salazar<\/td>\n<\/tr>\n<tr>\n<td class=\"txt\"><img loading=\"lazy\" src=\"https:\/\/www.obispadosanfelipe.cl\/imagenes\/blue.png\" alt=\"\" width=\"6\" height=\"7\">&nbsp;Horario de Atenci\u00f3n:<\/td>\n<td>&nbsp;<\/td>\n<td class=\"txt\">Lunes a Viernes: 10:00 a 12:30 y de 16:00 a 18:00 Hrs.<br>S\u00e1bado: 17:30 a 19:00 Hrs.<\/td>\n<\/tr>\n<tr>\n<td class=\"txt\"><img loading=\"lazy\" src=\"https:\/\/www.obispadosanfelipe.cl\/imagenes\/blue.png\" alt=\"\" width=\"6\" height=\"7\">&nbsp;Correo electr\u00f3nico<\/td>\n<td>&nbsp;<\/td>\n<td><a class=\"txt\" href=\"mailto:parroquialaasuncion@hotmail.com\">parroquialaasuncion@hotmail.com<\/a><\/td>\n<\/tr>\n<tr>\n<td class=\"txt\"><img loading=\"lazy\" src=\"https:\/\/www.obispadosanfelipe.cl\/imagenes\/blue.png\" alt=\"\" width=\"6\" height=\"7\">&nbsp;Horarios de Misas:<\/td>\n<td>&nbsp;<\/td>\n<td class=\"txt\">S\u00e1bado: 19:00 hrs.<br>Domingo: 12:00 hrs.<\/td>\n<\/tr>\n<tr>\n<td class=\"txt\"><img loading=\"lazy\" src=\"https:\/\/www.obispadosanfelipe.cl\/imagenes\/blue.png\" alt=\"\" width=\"6\" height=\"7\">&nbsp;Adoraci\u00f3n al Sant\u00edsimo<\/td>\n<td>&nbsp;<\/td>\n<td class=\"txt\">Jueves.&nbsp;<\/td>\n<\/tr>\n<\/tbody>\n<\/table>\t\t\t\t\t<\/div>\n\t\t\t\t\t\t<\/div>\n\t\t\t\t<\/div>\n\t\t\t\t\t\t<\/div>\n\t\t\t\t\t<\/div>\n\t\t<\/div>\n\t\t\t\t\t\t\t\t<\/div>\n\t\t\t\t\t<\/div>\n\t\t<\/section>\n\t\t\t\t<section class=\"elementor-section elementor-top-section elementor-element elementor-element-3179e16 elementor-section-boxed elementor-section-height-default elementor-section-height-default\" data-id=\"3179e16\" data-element_type=\"section\">\n\t\t\t\t\t\t<div class=\"elementor-container elementor-column-gap-default\">\n\t\t\t\t\t\t\t<div class=\"elementor-row\">\n\t\t\t\t\t<div class=\"elementor-column elementor-col-100 elementor-top-column elementor-element elementor-element-331c0af\" data-id=\"331c0af\" data-element_type=\"column\">\n\t\t\t<div class=\"elementor-column-wrap elementor-element-populated\">\n\t\t\t\t\t\t\t<div class=\"elementor-widget-wrap\">\n\t\t\t\t\t\t<div class=\"elementor-element elementor-element-1dd3943 elementor-widget elementor-widget-image\" data-id=\"1dd3943\" data-element_type=\"widget\" data-widget_type=\"image.default\">\n\t\t\t\t<div class=\"elementor-widget-container\">\n\t\t\t\t\t\t\t\t<div class=\"elementor-image\">\n\t\t\t\t\t\t\t\t\t\t\t\t<img width=\"313\" height=\"161\" src=\"https:\/\/obispadosanfelipe.cl\/2020\/wp-content\/uploads\/2020\/08\/descarga-1.jpg\" class=\"attachment-large size-large\" alt=\"\" loading=\"lazy\" srcset=\"https:\/\/obispadosanfelipe.cl\/2020\/wp-content\/uploads\/2020\/08\/descarga-1.jpg 313w, https:\/\/obispadosanfelipe.cl\/2020\/wp-content\/uploads\/2020\/08\/descarga-1-300x154.jpg 300w\" sizes=\"(max-width: 313px) 100vw, 313px\" \/>\t\t\t\t\t\t\t\t\t\t\t\t\t\t<\/div>\n\t\t\t\t\t\t<\/div>\n\t\t\t\t<\/div>\n\t\t\t\t\t\t<\/div>\n\t\t\t\t\t<\/div>\n\t\t<\/div>\n\t\t\t\t\t\t\t\t<\/div>\n\t\t\t\t\t<\/div>\n\t\t<\/section>\n\t\t\t\t<section class=\"elementor-section elementor-top-section elementor-element elementor-element-761f9e6 elementor-section-boxed elementor-section-height-default elementor-section-height-default\" data-id=\"761f9e6\" data-element_type=\"section\">\n\t\t\t\t\t\t<div class=\"elementor-container elementor-column-gap-default\">\n\t\t\t\t\t\t\t<div class=\"elementor-row\">\n\t\t\t\t\t<div class=\"elementor-column elementor-col-100 elementor-top-column elementor-element elementor-element-ba23eef\" data-id=\"ba23eef\" data-element_type=\"column\">\n\t\t\t<div class=\"elementor-column-wrap elementor-element-populated\">\n\t\t\t\t\t\t\t<div class=\"elementor-widget-wrap\">\n\t\t\t\t\t\t<div class=\"elementor-element elementor-element-d8d0de2 elementor-widget-divider--view-line elementor-widget elementor-widget-divider\" data-id=\"d8d0de2\" data-element_type=\"widget\" data-widget_type=\"divider.default\">\n\t\t\t\t<div class=\"elementor-widget-container\">\n\t\t\t\t\t<div class=\"elementor-divider\">\n\t\t\t<span class=\"elementor-divider-separator\">\n\t\t\t\t\t\t<\/span>\n\t\t<\/div>\n\t\t\t\t<\/div>\n\t\t\t\t<\/div>\n\t\t\t\t\t\t<\/div>\n\t\t\t\t\t<\/div>\n\t\t<\/div>\n\t\t\t\t\t\t\t\t<\/div>\n\t\t\t\t\t<\/div>\n\t\t<\/section>\n\t\t\t\t<section class=\"elementor-section elementor-top-section elementor-element elementor-element-555dc46 elementor-section-boxed elementor-section-height-default elementor-section-height-default\" data-id=\"555dc46\" data-element_type=\"section\">\n\t\t\t\t\t\t<div class=\"elementor-container elementor-column-gap-default\">\n\t\t\t\t\t\t\t<div class=\"elementor-row\">\n\t\t\t\t\t<div class=\"elementor-column elementor-col-100 elementor-top-column elementor-element elementor-element-951c4c3\" data-id=\"951c4c3\" data-element_type=\"column\">\n\t\t\t<div class=\"elementor-column-wrap elementor-element-populated\">\n\t\t\t\t\t\t\t<div class=\"elementor-widget-wrap\">\n\t\t\t\t\t\t<div class=\"elementor-element elementor-element-fd1da27 elementor-widget elementor-widget-google_maps\" data-id=\"fd1da27\" data-element_type=\"widget\" data-widget_type=\"google_maps.default\">\n\t\t\t\t<div class=\"elementor-widget-container\">\n\t\t\t<div class=\"elementor-custom-embed\"><iframe frameborder=\"0\" scrolling=\"no\" marginheight=\"0\" marginwidth=\"0\" src=\"https:\/\/maps.google.com\/maps?q=Maip%C3%BA%20N%C2%BA%2034%2C%20los%20andes&amp;t=m&amp;z=10&amp;output=embed&amp;iwloc=near\" title=\"Maip\u00fa N\u00ba 34, los andes\" aria-label=\"Maip\u00fa N\u00ba 34, los andes\"><\/iframe><\/div>\t\t<\/div>\n\t\t\t\t<\/div>\n\t\t\t\t\t\t<\/div>\n\t\t\t\t\t<\/div>\n\t\t<\/div>\n\t\t\t\t\t\t\t\t<\/div>\n\t\t\t\t\t<\/div>\n\t\t<\/section>\n\t\t\t\t\t\t<\/div>\n\t\t\t\t\t\t<\/div>\n\t\t\t\t\t<\/div>\n\t\t","protected":false},"excerpt":{"rendered":"<p>&nbsp;P\u00e1rroco: &nbsp; Pbro. Omar Orellana Manr\u00edquez &nbsp;Di\u00e1cono Permanente: &nbsp; Diac. Enrique Alfonso \u00c1lvarez Gonz\u00e1lez &nbsp;Direcci\u00f3n: &nbsp; Maip\u00fa N\u00ba 34, Casilla N\u00ba 119. Los Andes. &nbsp;Fono\/Fax: &nbsp; (34) 2298039. &nbsp;Secretaria: &nbsp;&hellip;<\/p>\n","protected":false},"author":1,"featured_media":0,"parent":0,"menu_order":0,"comment_status":"closed","ping_status":"closed","template":"","meta":[],"_links":{"self":[{"href":"https:\/\/obispadosanfelipe.cl\/2020\/wp-json\/wp\/v2\/pages\/2442"}],"collection":[{"href":"https:\/\/obispadosanfelipe.cl\/2020\/wp-json\/wp\/v2\/pages"}],"about":[{"href":"https:\/\/obispadosanfelipe.cl\/2020\/wp-json\/wp\/v2\/types\/page"}],"author":[{"embeddable":true,"href":"https:\/\/obispadosanfelipe.cl\/2020\/wp-json\/wp\/v2\/users\/1"}],"replies":[{"embeddable":true,"href":"https:\/\/obispadosanfelipe.cl\/2020\/wp-json\/wp\/v2\/comments?post=2442"}],"version-history":[{"count":3,"href":"https:\/\/obispadosanfelipe.cl\/2020\/wp-json\/wp\/v2\/pages\/2442\/revisions"}],"predecessor-version":[{"id":5874,"href":"https:\/\/obispadosanfelipe.cl\/2020\/wp-json\/wp\/v2\/pages\/2442\/revisions\/5874"}],"wp:attachment":[{"href":"https:\/\/obispadosanfelipe.cl\/2020\/wp-json\/wp\/v2\/media?parent=2442"}],"curies":[{"name":"wp","href":"https:\/\/api.w.org\/{rel}","templated":true}]}}