{"id":3088,"date":"2020-08-15T04:57:42","date_gmt":"2020-08-15T04:57:42","guid":{"rendered":"https:\/\/obispadosanfelipe.cl\/2020\/?page_id=3088"},"modified":"2020-08-15T04:57:59","modified_gmt":"2020-08-15T04:57:59","slug":"obispos-anteriores-de-la-diocesis","status":"publish","type":"page","link":"https:\/\/obispadosanfelipe.cl\/2020\/obispos-anteriores-de-la-diocesis\/","title":{"rendered":"Obispos Anteriores de la Di\u00f3cesis"},"content":{"rendered":"<p>&nbsp;<\/p>\n<p>&nbsp;<\/p>\n<h2>Obispos anteriores de la di\u00f3cesis de San Felipe<\/h2>\n<p align=\"justify\"><span style=\"font-family: Times New Roman, serif;\"><span lang=\"es-ES\">Los obispos que han tenido que llevar a cabo su labor en la Di\u00f3cesis de San Felipe de Aconcagua desde su fundaci\u00f3n a la fecha son:<\/span><\/span><\/p>\n<ol>\n<li><span style=\"font-family: Times New Roman, serif;\"><span lang=\"es-ES\">Mons. Melquisedec del Canto y Ter\u00e1n (1925 a 1938)<\/span><\/span><\/li>\n<li><span style=\"font-family: Times New Roman, serif;\"><span lang=\"es-ES\">Mons. Roberto Bernardino Berr\u00edos Gainza, ofm (1938 a 1957)<\/span><\/span><\/li>\n<li><span style=\"font-family: Times New Roman, serif;\"><span lang=\"es-ES\">Mons. Ram\u00f3n Munita Eyzaguirre (1957 a 1963)<\/span><\/span><\/li>\n<li><span style=\"font-family: Times New Roman, serif;\"><span lang=\"es-ES\">Mons. Jos\u00e9 Luis Castro Cabrera (1963 a 1964)<\/span><\/span><\/li>\n<li><span style=\"font-family: Times New Roman, serif;\"><span lang=\"es-ES\">Mons. Enrique Alvear Urrutia (1965 a 1974)<\/span><\/span><\/li>\n<li><span style=\"font-family: Times New Roman, serif;\"><span lang=\"es-ES\">Mons. Francisco de Borja Valenzuela R\u00edos (1974 a 1983)<\/span><\/span><\/li>\n<li><span style=\"font-family: Times New Roman, serif;\"><span lang=\"es-ES\">Mons. Manuel Camilo Vial Risopatr\u00f3n (1983 a 2001)<\/span><\/span><\/li>\n<li><span style=\"font-family: Times New Roman, serif;\"><span lang=\"es-ES\">Mons. Cristi\u00e1n Enrique Contreras Molina o. de m. (2002 a 2018)<\/span><\/span><\/li>\n<li><span style=\"font-family: Times New Roman, serif;\"><span lang=\"es-ES\">Mons. Gonzalo Arturo Bravo \u00c1lvarez (2020 a )<\/span><\/span><\/li>\n<\/ol>\n<p align=\"justify\"><span style=\"font-family: Times New Roman, serif;\"><span lang=\"es-ES\">Actualmente, la jurisdicci\u00f3n eclesi\u00e1stica del Obispado de San Felipe comprende el territorio de las Provincias de Petorca, San Felipe y Los Andes en la Regi\u00f3n de Valpara\u00edso, con un total de 29 parroquias distribuidas en tres decanatos.<\/span><\/span><\/p>\n","protected":false},"excerpt":{"rendered":"<p>&nbsp; &nbsp; Obispos anteriores de la di\u00f3cesis de San Felipe Los obispos que han tenido que llevar a cabo su labor en la Di\u00f3cesis de San Felipe de Aconcagua desde&hellip;<\/p>\n","protected":false},"author":1,"featured_media":0,"parent":0,"menu_order":0,"comment_status":"closed","ping_status":"closed","template":"","meta":[],"_links":{"self":[{"href":"https:\/\/obispadosanfelipe.cl\/2020\/wp-json\/wp\/v2\/pages\/3088"}],"collection":[{"href":"https:\/\/obispadosanfelipe.cl\/2020\/wp-json\/wp\/v2\/pages"}],"about":[{"href":"https:\/\/obispadosanfelipe.cl\/2020\/wp-json\/wp\/v2\/types\/page"}],"author":[{"embeddable":true,"href":"https:\/\/obispadosanfelipe.cl\/2020\/wp-json\/wp\/v2\/users\/1"}],"replies":[{"embeddable":true,"href":"https:\/\/obispadosanfelipe.cl\/2020\/wp-json\/wp\/v2\/comments?post=3088"}],"version-history":[{"count":0,"href":"https:\/\/obispadosanfelipe.cl\/2020\/wp-json\/wp\/v2\/pages\/3088\/revisions"}],"wp:attachment":[{"href":"https:\/\/obispadosanfelipe.cl\/2020\/wp-json\/wp\/v2\/media?parent=3088"}],"curies":[{"name":"wp","href":"https:\/\/api.w.org\/{rel}","templated":true}]}}