{"id":3430,"date":"2020-09-11T23:55:37","date_gmt":"2020-09-11T23:55:37","guid":{"rendered":"https:\/\/obispadosanfelipe.cl\/2020\/?page_id=3430"},"modified":"2021-11-26T16:26:50","modified_gmt":"2021-11-26T16:26:50","slug":"consejo-diocesano-para-la-prevencion-de-abusos-sexuales-y-acompanamiento-de-victimas","status":"publish","type":"page","link":"https:\/\/obispadosanfelipe.cl\/2020\/consejo-diocesano-para-la-prevencion-de-abusos-sexuales-y-acompanamiento-de-victimas\/","title":{"rendered":"Consejo Diocesano para la Prevenci\u00f3n de Abusos Sexuales, Poder y de Conciencia y Acompa\u00f1amiento de V\u00edctimas"},"content":{"rendered":"<h3>Oficina de Denuncias sobre abusos<\/h3>\n<p class=\"txt\">* Tel\u00e9fono oficina: +56977451917<\/p>\n<p class=\"txt\">* Direcci\u00f3n de correo electr\u00f3nico para recepci\u00f3n de denuncias y acompa\u00f1amiento de v\u00edctimas: escucha@obispadosanfelipe.cl<\/p>\n<p>&nbsp;<\/p>\n<p>&nbsp;<\/p>\n<p>&nbsp;<\/p>\n<p align=\"center\"><strong> Consejo Diocesano para la Prevenci\u00f3n de Abusos Sexuales, Poder y de Conciencia y Acompa\u00f1amiento de V\u00edctimas<span class=\"titulo_portada\">.<\/span><\/strong><\/p>\n<p style=\"text-align: left;\" align=\"center\"><span class=\"titulo_portada\"><br \/>\n<\/span><span class=\"txt\">El Consejo Diocesano para la Prevenci\u00f3n de Abusos Sexuales, Poder y de Conciencia y Acompa\u00f1amiento de V\u00edctimas es una instituci\u00f3n eclesial que tiene como misi\u00f3n implementar la institucionalidad m\u00ednima diocesana para la prevenci\u00f3n del abuso sexual y protecci\u00f3n de los menores de edad (LG 102-104). Ella nace por mandato de la Conferencia Episcopal de Chile.<\/span><\/p>\n<p style=\"text-align: left;\" align=\"center\">P. Gonzalo Bravo \u00c1lvarez.<br \/>\nDavid Montenegro Aravena.<br \/>\nRenate S\u00e1nchez.<br \/>\nJessica Torres.<br \/>\nEliana Calle.<br \/>\nElizabeth Calder\u00f3n.<\/p>\n<p style=\"text-align: left;\" align=\"center\">Correo electr\u00f3nico:\u00a0<span class=\"qu\" tabindex=\"-1\" role=\"gridcell\" translate=\"no\"><span class=\"gD\" data-hovercard-id=\"consejodeprevencion@obispadosanfelipe.cl\" data-hovercard-owner-id=\"106\">consejodeprevencion@obispadosanfelipe.cl\u00a0<\/span><\/span><\/p>\n<div><\/div>\n<p class=\"txt\">\n","protected":false},"excerpt":{"rendered":"<p>Oficina de Denuncias sobre abusos * Tel\u00e9fono oficina: +56977451917 * Direcci\u00f3n de correo electr\u00f3nico para recepci\u00f3n de denuncias y acompa\u00f1amiento de v\u00edctimas: escucha@obispadosanfelipe.cl &nbsp; &nbsp; &nbsp; Consejo Diocesano para la&hellip;<\/p>\n","protected":false},"author":1,"featured_media":0,"parent":0,"menu_order":0,"comment_status":"closed","ping_status":"closed","template":"","meta":[],"_links":{"self":[{"href":"https:\/\/obispadosanfelipe.cl\/2020\/wp-json\/wp\/v2\/pages\/3430"}],"collection":[{"href":"https:\/\/obispadosanfelipe.cl\/2020\/wp-json\/wp\/v2\/pages"}],"about":[{"href":"https:\/\/obispadosanfelipe.cl\/2020\/wp-json\/wp\/v2\/types\/page"}],"author":[{"embeddable":true,"href":"https:\/\/obispadosanfelipe.cl\/2020\/wp-json\/wp\/v2\/users\/1"}],"replies":[{"embeddable":true,"href":"https:\/\/obispadosanfelipe.cl\/2020\/wp-json\/wp\/v2\/comments?post=3430"}],"version-history":[{"count":4,"href":"https:\/\/obispadosanfelipe.cl\/2020\/wp-json\/wp\/v2\/pages\/3430\/revisions"}],"predecessor-version":[{"id":6570,"href":"https:\/\/obispadosanfelipe.cl\/2020\/wp-json\/wp\/v2\/pages\/3430\/revisions\/6570"}],"wp:attachment":[{"href":"https:\/\/obispadosanfelipe.cl\/2020\/wp-json\/wp\/v2\/media?parent=3430"}],"curies":[{"name":"wp","href":"https:\/\/api.w.org\/{rel}","templated":true}]}}