{"id":36,"date":"2020-06-16T00:24:23","date_gmt":"2020-06-16T00:24:23","guid":{"rendered":"https:\/\/obispadosanfelipe.cl\/unoporciento\/?page_id=36"},"modified":"2020-06-16T00:24:23","modified_gmt":"2020-06-16T00:24:23","slug":"aporte-permanente-quedateencasa","status":"publish","type":"page","link":"https:\/\/obispadosanfelipe.cl\/unoporciento\/aporte-permanente-quedateencasa\/","title":{"rendered":"Aporte permanente #Qu\u00e9dateEnCasa"},"content":{"rendered":"<p>Hoy m\u00e1s que nunca necesitamos tu aporte. Ante la situaci\u00f3n de pandemia que vivimos, la Iglesia sigue cumpliendo su misi\u00f3n de orar y celebrar, de acompa\u00f1ar y asistir a las personas que m\u00e1s sufren. Los servicios presenciales se realizan respetando los protocolos de la autoridad. El personal contratado (secretarias, sacristanes, etc.) contin\u00faan trabajando para que el mensaje de Cristo y la solidaridad de los hermanos lleguen por los diversos medios a quienes lo necesitan m\u00e1s.<\/p>\n<h5>Cargo Autom\u00e1tico\u00a0a su Tarjeta de Cr\u00e9dito (PAT)<\/h5>\n<p><strong>Pago con cargo autom\u00e1tico mensual en su Tarjeta de Cr\u00e9dito Master, Visa, American Express, completando y enviando el mandato directamente desde\u00a0<\/strong><a href=\"http:\/\/www.unoporciento.cl\/contribuciones\/\">aqu\u00ed<\/a><\/p>\n","protected":false},"excerpt":{"rendered":"<p>Hoy m\u00e1s que nunca necesitamos tu aporte. Ante la situaci\u00f3n de pandemia que vivimos, la Iglesia sigue cumpliendo su misi\u00f3n de orar y celebrar, de acompa\u00f1ar y asistir a las personas que m\u00e1s sufren. Los servicios presenciales se realizan respetando los protocolos de la autoridad. El personal contratado (secretarias, sacristanes, etc.) contin\u00faan trabajando para que el mensaje de Cristo y la solidaridad de los hermanos lleguen por los diversos medios a quienes lo necesitan m\u00e1s. Cargo Autom\u00e1tico\u00a0a su Tarjeta de&#8230;<\/p>\n<p class=\"read-more\"><a class=\"btn btn-default\" href=\"https:\/\/obispadosanfelipe.cl\/unoporciento\/aporte-permanente-quedateencasa\/\">Leer m\u00e1s<span class=\"screen-reader-text\"> Leer m\u00e1s<\/span><\/a><\/p>\n","protected":false},"author":1,"featured_media":0,"parent":0,"menu_order":0,"comment_status":"closed","ping_status":"closed","template":"","meta":[],"_links":{"self":[{"href":"https:\/\/obispadosanfelipe.cl\/unoporciento\/wp-json\/wp\/v2\/pages\/36"}],"collection":[{"href":"https:\/\/obispadosanfelipe.cl\/unoporciento\/wp-json\/wp\/v2\/pages"}],"about":[{"href":"https:\/\/obispadosanfelipe.cl\/unoporciento\/wp-json\/wp\/v2\/types\/page"}],"author":[{"embeddable":true,"href":"https:\/\/obispadosanfelipe.cl\/unoporciento\/wp-json\/wp\/v2\/users\/1"}],"replies":[{"embeddable":true,"href":"https:\/\/obispadosanfelipe.cl\/unoporciento\/wp-json\/wp\/v2\/comments?post=36"}],"version-history":[{"count":1,"href":"https:\/\/obispadosanfelipe.cl\/unoporciento\/wp-json\/wp\/v2\/pages\/36\/revisions"}],"predecessor-version":[{"id":37,"href":"https:\/\/obispadosanfelipe.cl\/unoporciento\/wp-json\/wp\/v2\/pages\/36\/revisions\/37"}],"wp:attachment":[{"href":"https:\/\/obispadosanfelipe.cl\/unoporciento\/wp-json\/wp\/v2\/media?parent=36"}],"curies":[{"name":"wp","href":"https:\/\/api.w.org\/{rel}","templated":true}]}}